{"id":2,"date":"2016-06-07T09:57:39","date_gmt":"2016-06-07T09:57:39","guid":{"rendered":"http:\/\/dara-estructural.com\/?page_id=2"},"modified":"2016-08-13T09:32:44","modified_gmt":"2016-08-13T09:32:44","slug":"pagina-ejemplo","status":"publish","type":"page","link":"https:\/\/dara-estructural.com\/?page_id=2","title":{"rendered":"Servicios"},"content":{"rendered":"<p>Nuestra oficina les ofrece todos los <b>SERVICIOS DE CONSULTORIA ESTRUCTURAL<\/b>, tanto en\u00a0obra nueva como en rehabilitaci\u00f3n:<\/p>\n<ul>\n<li><strong>Informes<\/strong> sobre el estado de estructuras existente.<\/li>\n<\/ul>\n<blockquote data-secret=\"lqxGuNfhCy\" class=\"wp-embedded-content\"><p><a href=\"https:\/\/dara-estructural.com\/?p=77\">Deterioro de una estructura met\u00e1lica (Benidorm)<\/a><\/p><\/blockquote>\n<p><iframe loading=\"lazy\" class=\"wp-embedded-content\" sandbox=\"allow-scripts\" security=\"restricted\" style=\"position: absolute; clip: rect(1px, 1px, 1px, 1px);\" src=\"https:\/\/dara-estructural.com\/?p=77&#038;embed=true#?secret=lqxGuNfhCy\" data-secret=\"lqxGuNfhCy\" width=\"600\" height=\"338\" title=\"&#8220;Deterioro de una estructura met\u00e1lica (Benidorm)&#8221; &#8212; D&#039;ARA Estructural\" frameborder=\"0\" marginwidth=\"0\" marginheight=\"0\" scrolling=\"no\"><\/iframe><\/p>\n<ul>\n<li>Dise\u00f1o y <strong>c\u00e1lculo<\/strong> de estructuras de obra nueva.<\/li>\n<\/ul>\n<blockquote data-secret=\"ARxExPe2Va\" class=\"wp-embedded-content\"><p><a href=\"https:\/\/dara-estructural.com\/?p=1\">C\u00e1lculo estructural de dos viviendas (Mazarr\u00f3n\/Argelia)<\/a><\/p><\/blockquote>\n<p><iframe loading=\"lazy\" class=\"wp-embedded-content\" sandbox=\"allow-scripts\" security=\"restricted\" style=\"position: absolute; clip: rect(1px, 1px, 1px, 1px);\" src=\"https:\/\/dara-estructural.com\/?p=1&#038;embed=true#?secret=ARxExPe2Va\" data-secret=\"ARxExPe2Va\" width=\"600\" height=\"338\" title=\"&#8220;C\u00e1lculo estructural de dos viviendas (Mazarr\u00f3n\/Argelia)&#8221; &#8212; D&#039;ARA Estructural\" frameborder=\"0\" marginwidth=\"0\" marginheight=\"0\" scrolling=\"no\"><\/iframe><\/p>\n<ul>\n<li>Estudios sobre <strong>lesiones<\/strong> en edificaciones: viviendas unifamiliares o colectivas, estructuras de urbanizaci\u00f3nes, naves, etc.<\/li>\n<\/ul>\n<blockquote data-secret=\"hap7VDV5hF\" class=\"wp-embedded-content\"><p><a href=\"https:\/\/dara-estructural.com\/?p=141\">Rotura de un muro de contenci\u00f3n de hormig\u00f3n armado (Moraira-Teulada)<\/a><\/p><\/blockquote>\n<p><iframe loading=\"lazy\" class=\"wp-embedded-content\" sandbox=\"allow-scripts\" security=\"restricted\" style=\"position: absolute; clip: rect(1px, 1px, 1px, 1px);\" src=\"https:\/\/dara-estructural.com\/?p=141&#038;embed=true#?secret=hap7VDV5hF\" data-secret=\"hap7VDV5hF\" width=\"600\" height=\"338\" title=\"&#8220;Rotura de un muro de contenci\u00f3n de hormig\u00f3n armado (Moraira-Teulada)&#8221; &#8212; D&#039;ARA Estructural\" frameborder=\"0\" marginwidth=\"0\" marginheight=\"0\" scrolling=\"no\"><\/iframe><\/p>\n<ul>\n<li><strong>Proyectos<\/strong> de rehabilitaci\u00f3n estructural completos o en colaboraci\u00f3n con otros t\u00e9cnicos.<\/li>\n<\/ul>\n<blockquote data-secret=\"ud4ghoPYdU\" class=\"wp-embedded-content\"><p><a href=\"https:\/\/dara-estructural.com\/?p=187\">Reforma estructural en vivienda entre medianeras (X\u00e0bia\/J\u00e1vea)<\/a><\/p><\/blockquote>\n<p><iframe loading=\"lazy\" class=\"wp-embedded-content\" sandbox=\"allow-scripts\" security=\"restricted\" style=\"position: absolute; clip: rect(1px, 1px, 1px, 1px);\" src=\"https:\/\/dara-estructural.com\/?p=187&#038;embed=true#?secret=ud4ghoPYdU\" data-secret=\"ud4ghoPYdU\" width=\"600\" height=\"338\" title=\"&#8220;Reforma estructural en vivienda entre medianeras (X\u00e0bia\/J\u00e1vea)&#8221; &#8212; D&#039;ARA Estructural\" frameborder=\"0\" marginwidth=\"0\" marginheight=\"0\" scrolling=\"no\"><\/iframe><\/p>\n<ul>\n<li><strong>Refuerzos<\/strong> de estructuras, en cambios de uso o p\u00e9rdida de capacidad resistente por deterioro, por ejemplo.<\/li>\n<li><strong>Certficaciones estructurales<\/strong> para la\u00a0ejecuci\u00f3n de instalaciones: dep\u00f3sitos de combustible en cubierta, equipos de aire acondicionado, etc.<\/li>\n<\/ul>\n<blockquote data-secret=\"ssMWxCP5uV\" class=\"wp-embedded-content\"><p><a href=\"https:\/\/dara-estructural.com\/?p=293\">Certificado de aptitud estructural para la instalaci\u00f3n de un dep\u00f3sito de GLP en cubierta<\/a><\/p><\/blockquote>\n<p><iframe loading=\"lazy\" class=\"wp-embedded-content\" sandbox=\"allow-scripts\" security=\"restricted\" style=\"position: absolute; clip: rect(1px, 1px, 1px, 1px);\" src=\"https:\/\/dara-estructural.com\/?p=293&#038;embed=true#?secret=ssMWxCP5uV\" data-secret=\"ssMWxCP5uV\" width=\"600\" height=\"338\" title=\"&#8220;Certificado de aptitud estructural para la instalaci\u00f3n de un dep\u00f3sito de GLP en cubierta&#8221; &#8212; D&#039;ARA Estructural\" frameborder=\"0\" marginwidth=\"0\" marginheight=\"0\" scrolling=\"no\"><\/iframe><\/p>\n<ul>\n<li><strong>Modificaciones<\/strong> de estructuras: eliminaci\u00f3n de pilares, aperturas de huecos en muros, aumento de alturas, etc.<\/li>\n<\/ul>\n<blockquote data-secret=\"7qZxffTrc4\" class=\"wp-embedded-content\"><p><a href=\"https:\/\/dara-estructural.com\/?p=136\">Eliminaci\u00f3n de un pilar en un aparcamiento (Gata de Gorgos)<\/a><\/p><\/blockquote>\n<p><iframe loading=\"lazy\" class=\"wp-embedded-content\" sandbox=\"allow-scripts\" security=\"restricted\" style=\"position: absolute; clip: rect(1px, 1px, 1px, 1px);\" src=\"https:\/\/dara-estructural.com\/?p=136&#038;embed=true#?secret=7qZxffTrc4\" data-secret=\"7qZxffTrc4\" width=\"600\" height=\"338\" title=\"&#8220;Eliminaci\u00f3n de un pilar en un aparcamiento (Gata de Gorgos)&#8221; &#8212; D&#039;ARA Estructural\" frameborder=\"0\" marginwidth=\"0\" marginheight=\"0\" scrolling=\"no\"><\/iframe><\/p>\n<ul>\n<li><strong>Direccion de obra<\/strong> en la fase estructural: an\u00e1lisis y aprobaci\u00f3n de modificaciones, control de ejecuci\u00f3n, relaci\u00f3n con los organismo de control, etc.<\/li>\n<\/ul>\n<blockquote data-secret=\"Ks00Uv39Ei\" class=\"wp-embedded-content\"><p><a href=\"https:\/\/dara-estructural.com\/?p=302\">Direcci\u00f3n de obra en fase de estructura (X\u00e0bia\/J\u00e1vea)<\/a><\/p><\/blockquote>\n<p><iframe loading=\"lazy\" class=\"wp-embedded-content\" sandbox=\"allow-scripts\" security=\"restricted\" style=\"position: absolute; clip: rect(1px, 1px, 1px, 1px);\" src=\"https:\/\/dara-estructural.com\/?p=302&#038;embed=true#?secret=Ks00Uv39Ei\" data-secret=\"Ks00Uv39Ei\" width=\"600\" height=\"338\" title=\"&#8220;Direcci\u00f3n de obra en fase de estructura (X\u00e0bia\/J\u00e1vea)&#8221; &#8212; D&#039;ARA Estructural\" frameborder=\"0\" marginwidth=\"0\" marginheight=\"0\" scrolling=\"no\"><\/iframe><\/p>\n<ul>\n<li><strong>Reparaci\u00f3n<\/strong> de estructuras: forjados con aluminosis, hormig\u00f3n armado con lesiones por carbonataci\u00f3n y oxidaci\u00f3n del armado, corrosi\u00f3n de estructuras met\u00e1licas, pudrici\u00f3n de viguetas de madera, grietas en muros de mamposteria, etc.<\/li>\n<\/ul>\n<blockquote data-secret=\"4fKYeKSEzN\" class=\"wp-embedded-content\"><p><a href=\"https:\/\/dara-estructural.com\/?p=178\">Oxidaci\u00f3n generalizada de armaduras con reparaci\u00f3n inadecuada (D\u00e9nia)<\/a><\/p><\/blockquote>\n<p><iframe loading=\"lazy\" class=\"wp-embedded-content\" sandbox=\"allow-scripts\" security=\"restricted\" style=\"position: absolute; clip: rect(1px, 1px, 1px, 1px);\" src=\"https:\/\/dara-estructural.com\/?p=178&#038;embed=true#?secret=4fKYeKSEzN\" data-secret=\"4fKYeKSEzN\" width=\"600\" height=\"338\" title=\"&#8220;Oxidaci\u00f3n generalizada de armaduras con reparaci\u00f3n inadecuada (D\u00e9nia)&#8221; &#8212; D&#039;ARA Estructural\" frameborder=\"0\" marginwidth=\"0\" marginheight=\"0\" scrolling=\"no\"><\/iframe><\/p>\n","protected":false},"excerpt":{"rendered":"<p>Nuestra oficina les ofrece todos los SERVICIOS DE CONSULTORIA ESTRUCTURAL, tanto en\u00a0obra nueva como en rehabilitaci\u00f3n: Informes sobre el estado de estructuras existente. Deterioro de una estructura met\u00e1lica (Benidorm) Dise\u00f1o y c\u00e1lculo de estructuras de obra nueva. C\u00e1lculo estructural de dos viviendas (Mazarr\u00f3n\/Argelia) Estudios sobre lesiones en edificaciones: viviendas unifamiliares o colectivas, estructuras de urbanizaci\u00f3nes,<\/p>\n<p class=\"more-link\"><a href=\"https:\/\/dara-estructural.com\/?page_id=2\" class=\"themebutton\">Read More<\/a><\/p>\n","protected":false},"author":1,"featured_media":0,"parent":0,"menu_order":0,"comment_status":"open","ping_status":"closed","template":"","meta":{"_mi_skip_tracking":false,"_exactmetrics_sitenote_active":false,"_exactmetrics_sitenote_note":"","_exactmetrics_sitenote_category":0,"footnotes":""},"class_list":["post-2","page","type-page","status-publish","hentry"],"_links":{"self":[{"href":"https:\/\/dara-estructural.com\/index.php?rest_route=\/wp\/v2\/pages\/2","targetHints":{"allow":["GET"]}}],"collection":[{"href":"https:\/\/dara-estructural.com\/index.php?rest_route=\/wp\/v2\/pages"}],"about":[{"href":"https:\/\/dara-estructural.com\/index.php?rest_route=\/wp\/v2\/types\/page"}],"author":[{"embeddable":true,"href":"https:\/\/dara-estructural.com\/index.php?rest_route=\/wp\/v2\/users\/1"}],"replies":[{"embeddable":true,"href":"https:\/\/dara-estructural.com\/index.php?rest_route=%2Fwp%2Fv2%2Fcomments&post=2"}],"version-history":[{"count":18,"href":"https:\/\/dara-estructural.com\/index.php?rest_route=\/wp\/v2\/pages\/2\/revisions"}],"predecessor-version":[{"id":312,"href":"https:\/\/dara-estructural.com\/index.php?rest_route=\/wp\/v2\/pages\/2\/revisions\/312"}],"wp:attachment":[{"href":"https:\/\/dara-estructural.com\/index.php?rest_route=%2Fwp%2Fv2%2Fmedia&parent=2"}],"curies":[{"name":"wp","href":"https:\/\/api.w.org\/{rel}","templated":true}]}}