{"id":273,"date":"2016-08-10T09:34:07","date_gmt":"2016-08-10T09:34:07","guid":{"rendered":"http:\/\/dara-estructural.com\/?page_id=273"},"modified":"2018-06-23T19:30:25","modified_gmt":"2018-06-23T19:30:25","slug":"media","status":"publish","type":"page","link":"https:\/\/dara-estructural.com\/?page_id=273","title":{"rendered":"Media"},"content":{"rendered":"<p>Video muy interesante de como se debe actuar en un trabajo de rehabilitaci\u00f3n estructural<\/p>\n<p><iframe loading=\"lazy\" width=\"1170\" height=\"658\" src=\"https:\/\/www.youtube.com\/embed\/sU8ydytWeOU?feature=oembed\" frameborder=\"0\" allow=\"autoplay; encrypted-media\" allowfullscreen><\/iframe><\/p>\n<p>Recibimos el encargo del c\u00e1lculo estructural de una vivienda en Argelia donde las acci\u00f3n s\u00edsmica era importante. El video siguiente es la simulaci\u00f3n del movimiento del primer modo de vibraci\u00f3n obtenido con el programa Tricalc. Esta herramienta permite conocer de una manera gr\u00e0fica la bondad del dise\u00f1o de nuestra estructura en caso de un terremoto importante.<\/p>\n<p><a href=\"https:\/\/youtu.be\/EsgSRM9QL28\">https:\/\/youtu.be\/EsgSRM9QL28<\/a><\/p>\n<p>&nbsp;<\/p>\n<p><iframe loading=\"lazy\" width=\"1170\" height=\"658\" src=\"https:\/\/www.youtube.com\/embed\/Qd_1fWP1h4o?feature=oembed\" frameborder=\"0\" allow=\"autoplay; encrypted-media\" allowfullscreen><\/iframe><\/p>\n<p><iframe loading=\"lazy\" width=\"1170\" height=\"658\" src=\"https:\/\/www.youtube.com\/embed\/66Kk1pKvdfc?feature=oembed\" frameborder=\"0\" allow=\"autoplay; encrypted-media\" allowfullscreen><\/iframe><\/p>\n<p><iframe loading=\"lazy\" width=\"1170\" height=\"878\" src=\"https:\/\/www.youtube.com\/embed\/91GNrDvnSE8?feature=oembed\" frameborder=\"0\" allow=\"autoplay; encrypted-media\" allowfullscreen><\/iframe><\/p>\n<p><iframe loading=\"lazy\" width=\"1170\" height=\"658\" src=\"https:\/\/www.youtube.com\/embed\/AhLGqGDP8So?feature=oembed\" frameborder=\"0\" allowfullscreen><\/iframe><\/p>\n<p><iframe loading=\"lazy\" width=\"1170\" height=\"658\" src=\"https:\/\/www.youtube.com\/embed\/2ZdojHToTNo?feature=oembed\" frameborder=\"0\" allow=\"autoplay; encrypted-media\" allowfullscreen><\/iframe><\/p>\n<p><iframe loading=\"lazy\" width=\"1170\" height=\"658\" src=\"https:\/\/www.youtube.com\/embed\/Bb24dZMG4Do?feature=oembed\" frameborder=\"0\" allow=\"autoplay; encrypted-media\" allowfullscreen><\/iframe><\/p>\n<p>&nbsp;<\/p>\n","protected":false},"excerpt":{"rendered":"<p>Video muy interesante de como se debe actuar en un trabajo de rehabilitaci\u00f3n estructural Recibimos el encargo del c\u00e1lculo estructural de una vivienda en Argelia donde las acci\u00f3n s\u00edsmica era importante. El video siguiente es la simulaci\u00f3n del movimiento del primer modo de vibraci\u00f3n obtenido con el programa Tricalc. Esta herramienta permite conocer de una<\/p>\n<p class=\"more-link\"><a href=\"https:\/\/dara-estructural.com\/?page_id=273\" class=\"themebutton\">Read More<\/a><\/p>\n","protected":false},"author":1,"featured_media":0,"parent":0,"menu_order":0,"comment_status":"closed","ping_status":"closed","template":"","meta":{"_mi_skip_tracking":false,"_exactmetrics_sitenote_active":false,"_exactmetrics_sitenote_note":"","_exactmetrics_sitenote_category":0,"footnotes":""},"class_list":["post-273","page","type-page","status-publish","hentry"],"_links":{"self":[{"href":"https:\/\/dara-estructural.com\/index.php?rest_route=\/wp\/v2\/pages\/273","targetHints":{"allow":["GET"]}}],"collection":[{"href":"https:\/\/dara-estructural.com\/index.php?rest_route=\/wp\/v2\/pages"}],"about":[{"href":"https:\/\/dara-estructural.com\/index.php?rest_route=\/wp\/v2\/types\/page"}],"author":[{"embeddable":true,"href":"https:\/\/dara-estructural.com\/index.php?rest_route=\/wp\/v2\/users\/1"}],"replies":[{"embeddable":true,"href":"https:\/\/dara-estructural.com\/index.php?rest_route=%2Fwp%2Fv2%2Fcomments&post=273"}],"version-history":[{"count":9,"href":"https:\/\/dara-estructural.com\/index.php?rest_route=\/wp\/v2\/pages\/273\/revisions"}],"predecessor-version":[{"id":449,"href":"https:\/\/dara-estructural.com\/index.php?rest_route=\/wp\/v2\/pages\/273\/revisions\/449"}],"wp:attachment":[{"href":"https:\/\/dara-estructural.com\/index.php?rest_route=%2Fwp%2Fv2%2Fmedia&parent=273"}],"curies":[{"name":"wp","href":"https:\/\/api.w.org\/{rel}","templated":true}]}}