{"id":33,"date":"2016-06-11T17:44:02","date_gmt":"2016-06-11T17:44:02","guid":{"rendered":"http:\/\/dara-estructural.com\/?page_id=33"},"modified":"2018-12-29T08:15:43","modified_gmt":"2018-12-29T08:15:43","slug":"clientes","status":"publish","type":"page","link":"https:\/\/dara-estructural.com\/?page_id=33","title":{"rendered":"Clientes"},"content":{"rendered":"<p>Algunos ejemplos de nuestros clientes:<\/p>\n<p><strong>T\u00c9CNICOS<\/strong><br \/>\nArquitectos, Arquitectos T\u00e9cnicos, Ingenieros, que precisen de una consultor\u00eda\u00a0especializada en c\u00e1lculo y patolog\u00eda estructural.<\/p>\n<p>&nbsp;<\/p>\n<p><strong>ADMINISTRADORES DE LA PROPIEDAD INMOBILIARIA<br \/>\n<\/strong>Administradores de la Propiedad que requieran de un t\u00e9cnico especializado en proyectos, informes o simples consultas sobre lesiones o patolog\u00edas en los edificios que administran.<\/p>\n<p>&nbsp;<\/p>\n<p><a href=\"http:\/\/www.cgcafe.org\/\"><img loading=\"lazy\" decoding=\"async\" class=\"size-medium wp-image-211 aligncenter\" src=\"https:\/\/dara-estructural.com\/wp-content\/uploads\/2016\/06\/CONSEJO_ADMINISTRADORES-300x66.jpg\" alt=\"CONSEJO_ADMINISTRADORES\" width=\"300\" height=\"66\" srcset=\"https:\/\/dara-estructural.com\/wp-content\/uploads\/2016\/06\/CONSEJO_ADMINISTRADORES-300x66.jpg 300w, https:\/\/dara-estructural.com\/wp-content\/uploads\/2016\/06\/CONSEJO_ADMINISTRADORES.jpg 648w\" sizes=\"auto, (max-width: 300px) 100vw, 300px\" \/><\/a><\/p>\n<p>&nbsp;<\/p>\n<p><strong>PROMOTORES INMOBILIARIOS<\/strong><br \/>\nPromotores con estructuras existentes en promociones que\u00a0ahora\u00a0desean reanudar y sobre las que se necesitan informes sobre el estado de la estructura.<\/p>\n<p><a href=\"http:\/\/www.apce.es\/\"><img loading=\"lazy\" decoding=\"async\" class=\"wp-image-212 aligncenter\" src=\"https:\/\/dara-estructural.com\/wp-content\/uploads\/2016\/06\/ASOCI_PROMO_CONST-300x169.jpg\" alt=\"ASOCI_PROMO_CONST\" width=\"215\" height=\"121\" srcset=\"https:\/\/dara-estructural.com\/wp-content\/uploads\/2016\/06\/ASOCI_PROMO_CONST-300x169.jpg 300w, https:\/\/dara-estructural.com\/wp-content\/uploads\/2016\/06\/ASOCI_PROMO_CONST.jpg 410w\" sizes=\"auto, (max-width: 215px) 100vw, 215px\" \/><\/a><\/p>\n<p>&nbsp;<\/p>\n<p><strong>CONSTRUCTORAS<\/strong><br \/>\nEmpresas constructoras que necesiten de un t\u00e9cnico de su confianza en temas estructurales para llevar a cabo la optimizaci\u00f3n de las estructuras que ejecutan.<\/p>\n<p>&nbsp;<\/p>\n<p><strong>PROPIETARIOS PARTICULARES DE VIVIENDAS<\/strong><br \/>\nPropietarios particulares preocupados por el estado de sus viviendas o que han detectado da\u00f1os\u00a0y desean que un t\u00e9cnico en estructuras les informe y asesore.<\/p>\n<p>&nbsp;<\/p>\n<p><strong>AGENCIAS INMOBILIARIAS<\/strong><br \/>\nAgencias inmobiliarias que quieren a\u00f1adir un valor a sus inmuebles incorporando informes sobre su\u00a0estado estructural.<\/p>\n<p>&nbsp;<\/p>\n","protected":false},"excerpt":{"rendered":"<p>Algunos ejemplos de nuestros clientes: T\u00c9CNICOS Arquitectos, Arquitectos T\u00e9cnicos, Ingenieros, que precisen de una consultor\u00eda\u00a0especializada en c\u00e1lculo y patolog\u00eda estructural. &nbsp; ADMINISTRADORES DE LA PROPIEDAD INMOBILIARIA Administradores de la Propiedad que requieran de un t\u00e9cnico especializado en proyectos, informes o simples consultas sobre lesiones o patolog\u00edas en los edificios que administran. &nbsp; &nbsp; PROMOTORES INMOBILIARIOS<\/p>\n<p class=\"more-link\"><a href=\"https:\/\/dara-estructural.com\/?page_id=33\" class=\"themebutton\">Read More<\/a><\/p>\n","protected":false},"author":1,"featured_media":0,"parent":0,"menu_order":0,"comment_status":"closed","ping_status":"closed","template":"","meta":{"_mi_skip_tracking":false,"_exactmetrics_sitenote_active":false,"_exactmetrics_sitenote_note":"","_exactmetrics_sitenote_category":0,"footnotes":""},"class_list":["post-33","page","type-page","status-publish","hentry"],"_links":{"self":[{"href":"https:\/\/dara-estructural.com\/index.php?rest_route=\/wp\/v2\/pages\/33","targetHints":{"allow":["GET"]}}],"collection":[{"href":"https:\/\/dara-estructural.com\/index.php?rest_route=\/wp\/v2\/pages"}],"about":[{"href":"https:\/\/dara-estructural.com\/index.php?rest_route=\/wp\/v2\/types\/page"}],"author":[{"embeddable":true,"href":"https:\/\/dara-estructural.com\/index.php?rest_route=\/wp\/v2\/users\/1"}],"replies":[{"embeddable":true,"href":"https:\/\/dara-estructural.com\/index.php?rest_route=%2Fwp%2Fv2%2Fcomments&post=33"}],"version-history":[{"count":15,"href":"https:\/\/dara-estructural.com\/index.php?rest_route=\/wp\/v2\/pages\/33\/revisions"}],"predecessor-version":[{"id":484,"href":"https:\/\/dara-estructural.com\/index.php?rest_route=\/wp\/v2\/pages\/33\/revisions\/484"}],"wp:attachment":[{"href":"https:\/\/dara-estructural.com\/index.php?rest_route=%2Fwp%2Fv2%2Fmedia&parent=33"}],"curies":[{"name":"wp","href":"https:\/\/api.w.org\/{rel}","templated":true}]}}